{"id":72,"date":"2018-11-25T11:25:57","date_gmt":"2018-11-25T10:25:57","guid":{"rendered":"http:\/\/www.atpoiano.it\/wordpress\/?page_id=72"},"modified":"2020-03-09T11:29:57","modified_gmt":"2020-03-09T10:29:57","slug":"sponsor","status":"publish","type":"page","link":"https:\/\/www.atpoiano.it\/wordpress\/sponsor\/","title":{"rendered":"SPONSOR"},"content":{"rendered":"<p><img loading=\"lazy\" class=\"alignnone size-full wp-image-50\" src=\"http:\/\/www.atpoiano.it\/wordpress\/wp-content\/uploads\/2018\/11\/redoro.png\" alt=\"\" width=\"187\" height=\"109\" \/><\/p>\n<p><strong>Redoro<\/strong>: Olive italiane al 100% senza OGM. Prima spremitura a freddo. Origine geografica e qualit\u00e0 certificata. Lavorazione artigianale controllata direttamente nei nostri frantoi veneti. Redoro l&#8217;olio extravergine di oliva fatto ad arte dal 1895.<\/p>\n<p><strong>Vantaggi per i soci<\/strong>: 10% di sconto presso punto vendita di Grezzana<\/p>\n<p><strong>Dove e contatti<\/strong>: Via Marconi, 30 &#8211; Grezzana (Verona) 045 907622<\/p>\n<p>&nbsp;<\/p>\n<p><img loading=\"lazy\" class=\"alignnone wp-image-245\" src=\"http:\/\/www.atpoiano.it\/wordpress\/wp-content\/uploads\/2018\/11\/Logo-Elettro90.jpg\" alt=\"\" width=\"254\" height=\"81\" \/><\/p>\n<p><strong>Elettro90:<\/strong> Impianti elettrici industriali, fornitura, posa in opera e assistenza altamente qualificata. Specializzato in assistenza a Primarie Industrie Farmaceutiche come Glaxo, Pierrel, Smith&amp;Kline.<\/p>\n<p><strong>Vantaggi per i soci<\/strong>: Sconti personalizzati a seconda del tipo di contratto<\/p>\n<p><strong>Dove e contatti<\/strong>: Via Rupiano 1d-Alcenago di Grezzana &#8211; Verona 045 8668122<\/p>\n<p>&nbsp;<\/p>\n<p>&nbsp;<\/p>\n<p><img loading=\"lazy\" class=\"alignnone wp-image-48\" src=\"http:\/\/www.atpoiano.it\/wordpress\/wp-content\/uploads\/2018\/11\/ITastefood.jpg\" alt=\"\" width=\"199\" height=\"137\" \/><\/p>\n<p><strong>ITastefood<\/strong>: ITaste \u00e8 il posto dove mangiare prodotti di qualit\u00e0 spendendo il giusto, in un ambiente belle arredato con finiture di pregio. Ottimo per gli aperitivi con gli amici e per la degustazione di buonissima birra artigianale. Ideale per cede in compagnia di amici, con la famiglia, con i colleghi.<\/p>\n<p><strong>Vantaggi per i soci<\/strong>: 10% di sconto per i soci dal luned\u00ec al venerd\u00ec. 15% per comitive da 10 persone e pi\u00f9.<\/p>\n<p><strong>Dove e contatti<\/strong>: Via Tavigliana, 1\/A &#8211; Grezzana (VR) 045 8650862<\/p>\n<p>&nbsp;<\/p>\n<p>&nbsp;<\/p>\n<p><img loading=\"lazy\" class=\"alignnone  wp-image-247\" src=\"http:\/\/www.atpoiano.it\/wordpress\/wp-content\/uploads\/2018\/11\/GF-Properties.png\" alt=\"\" width=\"252\" height=\"97\" \/><\/p>\n<p><strong>GF Properties<\/strong>: nuova realt\u00e0 nel mondo dell&#8217;immobiliare a Verona.<\/p>\n<p>Entusiasmo e professionalit\u00e0 vi accompagneranno alla ricerca della migliore soluzione sia nella compravendita che nell&#8217;affitto di qualsiasi immobile in citt\u00e0 e provincia.<\/p>\n<p><strong>Vantaggi per i soci<\/strong>: Agevolazioni per i soci, da concordare di volta in volta.<\/p>\n<p><strong>Dove e contatti<\/strong>: Via XX Settembre 62\/a &#8211; Verona 045 595160<\/p>\n<p>&nbsp;<\/p>\n<p>&nbsp;<\/p>\n<p><a href=\"https:\/\/www.atpoiano.it\/sponsor\/logo-pfm\/\" rel=\"attachment wp-att-4373\"><img loading=\"lazy\" class=\"alignnone wp-image-4373\" src=\"https:\/\/www.atpoiano.it\/wordpress\/wp-content\/uploads\/2020\/03\/logo-pfm--320x178.png\" alt=\"\" width=\"221\" height=\"123\" srcset=\"https:\/\/www.atpoiano.it\/wordpress\/wp-content\/uploads\/2020\/03\/logo-pfm--320x178.png 320w, https:\/\/www.atpoiano.it\/wordpress\/wp-content\/uploads\/2020\/03\/logo-pfm-.png 619w\" sizes=\"(max-width: 221px) 100vw, 221px\" \/><\/a><\/p>\n<p><strong>pfm Contract<\/strong>: si propone di soddisfare le richieste del mercato inerenti al settore dell\u2019Edilizia, degli Interni e del \u201cContract\u201d in generale.<\/p>\n<p>Ci rivolgiamo a <strong>privati<\/strong>, Studi di Architettura, Designers, Studio Tecnici, Imprese Edili che hanno necessit\u00e0 di interagire nei tempi richiesti con un interlocutore capace, profondo conoscitore del mercato e che sappia offrire le soluzioni pi\u00f9 adeguate ai progetti da realizzare.<br \/>\nPfm Contract \u00e8 costantemente aggiornata sull\u2019evoluzione dei prodotti, attenta a soddisfare una Committenza divenuta sempre pi\u00f9 preparata ed esigente, utilizzando mezzi e strumentazioni tecnologicamente avanzate.<\/p>\n<p><strong>Vantaggi per i soci<\/strong>: Agevolazioni per i soci, da concordare di volta in volta.<\/p>\n<p><strong>Dove e contatti<\/strong>: Via Arnoldo Mondadori 30 &#8211; 37131 Verona &#8211; 045 4685966<\/p>\n<p>&nbsp;<\/p>\n<p>&nbsp;<\/p>\n<p><a href=\"https:\/\/www.atpoiano.it\/sponsor\/logo-progetto-benessere\/\" rel=\"attachment wp-att-4375\"><img loading=\"lazy\" class=\"alignnone wp-image-4375\" src=\"https:\/\/www.atpoiano.it\/wordpress\/wp-content\/uploads\/2020\/03\/Logo-PROGETTO-BENESSERE-320x111.png\" alt=\"\" width=\"274\" height=\"95\" srcset=\"https:\/\/www.atpoiano.it\/wordpress\/wp-content\/uploads\/2020\/03\/Logo-PROGETTO-BENESSERE-320x111.png 320w, https:\/\/www.atpoiano.it\/wordpress\/wp-content\/uploads\/2020\/03\/Logo-PROGETTO-BENESSERE.png 768w\" sizes=\"(max-width: 274px) 100vw, 274px\" \/><\/a><\/p>\n<p><strong>PROGETTO BENESSERE<\/strong>: Siamo una associazione sportiva riconosciuta dal C.o.n.i. con finalit\u00e0 di promozione sportiva a diversi livelli. Ci occupiamo di fitness e benessere. Il nostro obiettivo principale \u00e8 dare massima importanza al rapporto umano attraverso un percorso di conoscenza, per ottenere il massimo delle informazioni pneumo-psico-soma con lo scopo ultimo ti personalizzare il percorso di benessere.<\/p>\n<p><strong>Vantaggi per i soci<\/strong>: Agevolazioni per i soci, da concordare di volta in volta.<\/p>\n<p><strong>Dove e contatti<\/strong>: Via Berbera 19 &#8211; 37131 &#8211; Verona\u00a0 &#8211; TEL. 045 2223169<\/p>\n<p>&nbsp;<\/p>\n<p>&nbsp;<\/p>\n<p><a href=\"https:\/\/www.atpoiano.it\/sponsor\/69858793_3001925723167229_4433396101994774528_o\/\" rel=\"attachment wp-att-4376\"><img loading=\"lazy\" class=\"alignnone wp-image-4376\" src=\"https:\/\/www.atpoiano.it\/wordpress\/wp-content\/uploads\/2020\/03\/69858793_3001925723167229_4433396101994774528_o.jpg\" alt=\"\" width=\"186\" height=\"165\" \/><\/a><\/p>\n<p><strong>AM Tennis Lab &#8211; Professional Tennis Service<\/strong>: Racquet custom service, Centro diagnosi computerizzato, Matching &amp; Tuning, Modifica impugnature.<\/p>\n<p><strong>Vantaggi per i soci<\/strong>: Agevolazioni per i soci, da concordare di volta in volta.<\/p>\n<p><strong>Dove e contatti<\/strong>: Via Carlo Cipolla 31 &#8211; 37131 Verona &#8211; 340 167 9880<\/p>\n<p>&nbsp;<\/p>\n<p>&nbsp;<\/p>\n<p><img loading=\"lazy\" class=\"alignnone size-full wp-image-246\" src=\"http:\/\/www.atpoiano.it\/wordpress\/wp-content\/uploads\/2018\/11\/Logo-AnimaEstetica.jpg\" alt=\"\" width=\"150\" height=\"92\" \/><\/p>\n<p><strong>Anima Estetika<\/strong>: Tutti i servizi alla persona, dalla cura della cute attraverso Peeling, manicure, pedicure, insieme ad ogni tipo di massaggio linfodrenante, rilassante, rinvigorente. Particolare attenzione al Fashion con cerette, trattamenti viso e corpo, mediante l&#8217;utilizzo di prodotti di altissima qualit\u00e0, frutto della ricerca delle pi\u00f9 importanti Maison dell&#8217;estetica mondiale.<\/p>\n<p><strong>Vantaggi per i soci<\/strong>: Sconto 20% su tutti i trattamenti viso e corpo di estetica avanzata. Sconto 10% su tutti i trattamenti di estetica di base.<\/p>\n<p><strong>Dove e contatti<\/strong>: Via Valpantena, 20 &#8211; Quinto (VR) 045 550023<\/p>\n","protected":false},"excerpt":{"rendered":"<p>Redoro: Olive italiane al 100% senza OGM. Prima spremitura a freddo. Origine geografica e qualit\u00e0 certificata. Lavorazione artigianale controllata direttamente<\/p>\n<div class='heateorSssClear'><\/div><div style=\"float:right\" class='heateor_sss_sharing_container heateor_sss_horizontal_sharing' data-heateor-sss-href='https:\/\/www.atpoiano.it\/wordpress\/sponsor\/'><div class='heateor_sss_sharing_title' style=\"font-weight:bold\" ><\/div><div class=\"heateor_sss_sharing_ul\"><a style=\"padding:7.35px 0 !important\" class=\"heateor_sss_facebook_share\"><span class=\"heateor_sss_square_count\">&nbsp;<\/span><div class=\"fb-share-button\" data-href=\"https:\/\/www.atpoiano.it\/wordpress\/sponsor\/\" data-layout=\"button_count\"><\/div><\/a><a style=\"padding:7.35px 0 !important\" class=\"heateor_sss_facebook_like\"><span class=\"heateor_sss_square_count\">&nbsp;<\/span><div class=\"fb-like\" data-href=\"https:\/\/www.atpoiano.it\/wordpress\/sponsor\/\" data-layout=\"button_count\" data-action=\"like\" data-show-faces=\"false\" data-share=\"false\"><\/div><\/a><a class=\"heateor_sss_more\" title=\"More\" rel=\"nofollow noopener\" style=\"font-size: 32px!important;border:0;box-shadow:none;display:inline-block!important;font-size:16px;padding:0 4px;vertical-align: middle;display:inline;\" href=\"https:\/\/www.atpoiano.it\/wordpress\/sponsor\/\" onclick=\"event.preventDefault()\"><span class=\"heateor_sss_square_count\">&nbsp;<\/span><span class=\"heateor_sss_svg\" style=\"background-color:#ee8e2d;width:35px;height:35px;border-radius:999px;display:inline-block!important;opacity:1;float:left;font-size:32px!important;box-shadow:none;display:inline-block;font-size:16px;padding:0 4px;vertical-align:middle;display:inline;background-repeat:repeat;overflow:hidden;padding:0;cursor:pointer;box-sizing:content-box;\" onclick=\"heateorSssMoreSharingPopup(this, 'https:\/\/www.atpoiano.it\/wordpress\/sponsor\/', 'SPONSOR', '' )\"><svg xmlns=\"http:\/\/www.w3.org\/2000\/svg\" xmlns:xlink=\"http:\/\/www.w3.org\/1999\/xlink\" viewBox=\"-.3 0 32 32\" version=\"1.1\" width=\"100%\" height=\"100%\" style=\"display:block;border-radius:999px;\" xml:space=\"preserve\"><g><path fill=\"#fff\" d=\"M18 14V8h-4v6H8v4h6v6h4v-6h6v-4h-6z\" fill-rule=\"evenodd\"><\/path><\/g><\/svg><\/span><\/a><a style=\"font-size:32px!important;box-shadow: none;display: inline-block!important;font-size: 16px;padding: 0 4px;vertical-align: middle;display:inline;\" class=\"heateorSssSharingRound\"><span class=\"heateor_sss_square_count\">&nbsp;<\/span><div style=\"width:35px;height:35px;border-radius:999px;margin-left:9px !important;\" title=\"Total Shares\" class=\"heateorSssSharing heateorSssTCBackground\"><\/div><\/a><\/div><div class=\"heateorSssClear\"><\/div><\/div><div class='heateorSssClear'><\/div>","protected":false},"author":7,"featured_media":0,"parent":0,"menu_order":0,"comment_status":"closed","ping_status":"closed","template":"","meta":[],"yoast_head":"<!-- This site is optimized with the Yoast SEO plugin v18.4.1 - https:\/\/yoast.com\/wordpress\/plugins\/seo\/ -->\n<title>SPONSOR - ASSOCIAZIONE TENNIS POIANO<\/title>\n<meta name=\"robots\" content=\"index, follow, max-snippet:-1, max-image-preview:large, max-video-preview:-1\" \/>\n<link rel=\"canonical\" href=\"https:\/\/www.atpoiano.it\/sponsor\/\" \/>\n<meta property=\"og:locale\" content=\"it_IT\" \/>\n<meta property=\"og:type\" content=\"article\" \/>\n<meta property=\"og:title\" content=\"SPONSOR - ASSOCIAZIONE TENNIS POIANO\" \/>\n<meta property=\"og:description\" content=\"Redoro: Olive italiane al 100% senza OGM. Prima spremitura a freddo. Origine geografica e qualit\u00e0 certificata. Lavorazione artigianale controllata direttamente\" \/>\n<meta property=\"og:url\" content=\"https:\/\/www.atpoiano.it\/sponsor\/\" \/>\n<meta property=\"og:site_name\" content=\"ASSOCIAZIONE TENNIS POIANO\" \/>\n<meta property=\"article:modified_time\" content=\"2020-03-09T10:29:57+00:00\" \/>\n<meta property=\"og:image\" content=\"http:\/\/www.atpoiano.it\/wordpress\/wp-content\/uploads\/2018\/11\/redoro.png\" \/>\n<meta name=\"twitter:card\" content=\"summary_large_image\" \/>\n<meta name=\"twitter:label1\" content=\"Tempo di lettura stimato\" \/>\n\t<meta name=\"twitter:data1\" content=\"3 minuti\" \/>\n<script type=\"application\/ld+json\" class=\"yoast-schema-graph\">{\"@context\":\"https:\/\/schema.org\",\"@graph\":[{\"@type\":\"WebSite\",\"@id\":\"https:\/\/www.atpoiano.it\/#website\",\"url\":\"https:\/\/www.atpoiano.it\/\",\"name\":\"ASSOCIAZIONE TENNIS POIANO\",\"description\":\"dal 1983 a Verona\",\"potentialAction\":[{\"@type\":\"SearchAction\",\"target\":{\"@type\":\"EntryPoint\",\"urlTemplate\":\"https:\/\/www.atpoiano.it\/?s={search_term_string}\"},\"query-input\":\"required name=search_term_string\"}],\"inLanguage\":\"it-IT\"},{\"@type\":\"ImageObject\",\"@id\":\"https:\/\/www.atpoiano.it\/sponsor\/#primaryimage\",\"inLanguage\":\"it-IT\",\"url\":\"http:\/\/www.atpoiano.it\/wordpress\/wp-content\/uploads\/2018\/11\/redoro.png\",\"contentUrl\":\"http:\/\/www.atpoiano.it\/wordpress\/wp-content\/uploads\/2018\/11\/redoro.png\"},{\"@type\":\"WebPage\",\"@id\":\"https:\/\/www.atpoiano.it\/sponsor\/#webpage\",\"url\":\"https:\/\/www.atpoiano.it\/sponsor\/\",\"name\":\"SPONSOR - ASSOCIAZIONE TENNIS POIANO\",\"isPartOf\":{\"@id\":\"https:\/\/www.atpoiano.it\/#website\"},\"primaryImageOfPage\":{\"@id\":\"https:\/\/www.atpoiano.it\/sponsor\/#primaryimage\"},\"datePublished\":\"2018-11-25T10:25:57+00:00\",\"dateModified\":\"2020-03-09T10:29:57+00:00\",\"breadcrumb\":{\"@id\":\"https:\/\/www.atpoiano.it\/sponsor\/#breadcrumb\"},\"inLanguage\":\"it-IT\",\"potentialAction\":[{\"@type\":\"ReadAction\",\"target\":[\"https:\/\/www.atpoiano.it\/sponsor\/\"]}]},{\"@type\":\"BreadcrumbList\",\"@id\":\"https:\/\/www.atpoiano.it\/sponsor\/#breadcrumb\",\"itemListElement\":[{\"@type\":\"ListItem\",\"position\":1,\"name\":\"Home\",\"item\":\"https:\/\/www.atpoiano.it\/wordpress\/\"},{\"@type\":\"ListItem\",\"position\":2,\"name\":\"SPONSOR\"}]}]}<\/script>\n<!-- \/ Yoast SEO plugin. -->","yoast_head_json":{"title":"SPONSOR - ASSOCIAZIONE TENNIS POIANO","robots":{"index":"index","follow":"follow","max-snippet":"max-snippet:-1","max-image-preview":"max-image-preview:large","max-video-preview":"max-video-preview:-1"},"canonical":"https:\/\/www.atpoiano.it\/sponsor\/","og_locale":"it_IT","og_type":"article","og_title":"SPONSOR - ASSOCIAZIONE TENNIS POIANO","og_description":"Redoro: Olive italiane al 100% senza OGM. Prima spremitura a freddo. Origine geografica e qualit\u00e0 certificata. Lavorazione artigianale controllata direttamente","og_url":"https:\/\/www.atpoiano.it\/sponsor\/","og_site_name":"ASSOCIAZIONE TENNIS POIANO","article_modified_time":"2020-03-09T10:29:57+00:00","og_image":[{"url":"http:\/\/www.atpoiano.it\/wordpress\/wp-content\/uploads\/2018\/11\/redoro.png"}],"twitter_card":"summary_large_image","twitter_misc":{"Tempo di lettura stimato":"3 minuti"},"schema":{"@context":"https:\/\/schema.org","@graph":[{"@type":"WebSite","@id":"https:\/\/www.atpoiano.it\/#website","url":"https:\/\/www.atpoiano.it\/","name":"ASSOCIAZIONE TENNIS POIANO","description":"dal 1983 a Verona","potentialAction":[{"@type":"SearchAction","target":{"@type":"EntryPoint","urlTemplate":"https:\/\/www.atpoiano.it\/?s={search_term_string}"},"query-input":"required name=search_term_string"}],"inLanguage":"it-IT"},{"@type":"ImageObject","@id":"https:\/\/www.atpoiano.it\/sponsor\/#primaryimage","inLanguage":"it-IT","url":"http:\/\/www.atpoiano.it\/wordpress\/wp-content\/uploads\/2018\/11\/redoro.png","contentUrl":"http:\/\/www.atpoiano.it\/wordpress\/wp-content\/uploads\/2018\/11\/redoro.png"},{"@type":"WebPage","@id":"https:\/\/www.atpoiano.it\/sponsor\/#webpage","url":"https:\/\/www.atpoiano.it\/sponsor\/","name":"SPONSOR - ASSOCIAZIONE TENNIS POIANO","isPartOf":{"@id":"https:\/\/www.atpoiano.it\/#website"},"primaryImageOfPage":{"@id":"https:\/\/www.atpoiano.it\/sponsor\/#primaryimage"},"datePublished":"2018-11-25T10:25:57+00:00","dateModified":"2020-03-09T10:29:57+00:00","breadcrumb":{"@id":"https:\/\/www.atpoiano.it\/sponsor\/#breadcrumb"},"inLanguage":"it-IT","potentialAction":[{"@type":"ReadAction","target":["https:\/\/www.atpoiano.it\/sponsor\/"]}]},{"@type":"BreadcrumbList","@id":"https:\/\/www.atpoiano.it\/sponsor\/#breadcrumb","itemListElement":[{"@type":"ListItem","position":1,"name":"Home","item":"https:\/\/www.atpoiano.it\/wordpress\/"},{"@type":"ListItem","position":2,"name":"SPONSOR"}]}]}},"_links":{"self":[{"href":"https:\/\/www.atpoiano.it\/wordpress\/wp-json\/wp\/v2\/pages\/72"}],"collection":[{"href":"https:\/\/www.atpoiano.it\/wordpress\/wp-json\/wp\/v2\/pages"}],"about":[{"href":"https:\/\/www.atpoiano.it\/wordpress\/wp-json\/wp\/v2\/types\/page"}],"author":[{"embeddable":true,"href":"https:\/\/www.atpoiano.it\/wordpress\/wp-json\/wp\/v2\/users\/7"}],"replies":[{"embeddable":true,"href":"https:\/\/www.atpoiano.it\/wordpress\/wp-json\/wp\/v2\/comments?post=72"}],"version-history":[{"count":4,"href":"https:\/\/www.atpoiano.it\/wordpress\/wp-json\/wp\/v2\/pages\/72\/revisions"}],"predecessor-version":[{"id":4378,"href":"https:\/\/www.atpoiano.it\/wordpress\/wp-json\/wp\/v2\/pages\/72\/revisions\/4378"}],"wp:attachment":[{"href":"https:\/\/www.atpoiano.it\/wordpress\/wp-json\/wp\/v2\/media?parent=72"}],"curies":[{"name":"wp","href":"https:\/\/api.w.org\/{rel}","templated":true}]}}