{"id":423,"date":"2018-11-27T23:48:15","date_gmt":"2018-11-27T22:48:15","guid":{"rendered":"http:\/\/www.atpoiano.it\/wordpress\/?page_id=423"},"modified":"2019-11-03T19:23:04","modified_gmt":"2019-11-03T18:23:04","slug":"regolamento","status":"publish","type":"page","link":"https:\/\/www.atpoiano.it\/wordpress\/club\/regolamento\/","title":{"rendered":"Il Regolamento"},"content":{"rendered":"<p style=\"text-align: center;\"><b>REGOLAMENTO PRENOTAZIONI E\u00a0 D&#8217;USO DEI CAMPI<br \/>\n<\/b><\/p>\n<p>1) Sui campi dell&#8217;Associazione Tennis Poiano <strong>possono giocare solo i Soci in regola con il tesseramento che ha validit\u00e0 12 mesi, in regola con il Certificato Medico e l&#8217;iscrizione alla FIT<\/strong>. Pertanto la possibilit\u00e0 di far giocare il cosiddetto &#8220;ospite&#8221; deve considerarsi eccezionale e in ogni modo non pu\u00f2 ripetersi pi\u00f9 di cinque volte all&#8217;anno\/tessera. L&#8217;<strong>ospite DEVE essere provvisto di Certificato Medico Sportivo<\/strong> e il <strong>Socio ha il Dovere di controllare<\/strong><\/p>\n<p>2) \u00c8 attivo il nuovo sistema di prenotazione <strong><a href=\"https:\/\/www.atpoiano.it\/atpoianonet\/login_web.php\">ATPNET<\/a><\/strong><\/p>\n<p>3) Come accendo le luci? Per questa e tutte le altre richieste vedere la sessione <a href=\"https:\/\/www.atpoiano.it\/atpnet-manuale-duso\/?doing_wp_cron=1572096584.8010859489440917968750\" target=\"_blank\" rel=\"noopener noreferrer\"><strong>MANUALE-ATPNET<\/strong><\/a><\/p>\n<p>4) L&#8217;art. 3 del Regolamento prevede quanto segue:<\/p>\n<ul>\n<li>E\u2019 severamente vietato giocare con scarpe non regolamentari, a dorso nudo o con abbigliamento non consono<\/li>\n<li>Dentro e fuori dai campi tenere un comportamento rispettoso, evitando schiamazzi ed imprecazioni<\/li>\n<li>Chi inizia a giocare pu\u00f2 entrare solo allo scoccare dell\u2019ora prenotata e deve trovare il campo libero e pronto per giocare<\/li>\n<li>La propria ora di gioco inizia ai 30\u2019 (campo 1), ai 00\u2019 (campo 2) o ai 15\u2019 (campo 3) e finisce 4 minuti prima dello scaccare dell\u2019ora successiva<\/li>\n<li>E\u2019 fatto obbligo ai giocatori uscenti: smettere il gioco per tempo (anche se non ci sono giocatori nell\u2019ora successiva), tirare la stuoia con diligenza su tutta la superficie del campo sino al limite dei muretti e ripulire il proprio angolo da bottiglie o immondizie<\/li>\n<li>E\u2019 fatto obbligo ai giocatori entranti: di bagnare il campo in tutta la sua superficie (se la stagione lo necessita) e di posizionare la canna lungo il campo (e non arrotolata grossolanamente) per non recare pericolo ai giocatori durante la partita<\/li>\n<\/ul>\n<p>5)\u00a0<b>A nessuno<\/b>, tranne che alle persone autorizzate dal Consiglio Direttivo, <strong>\u00e8 consentito impartire lezioni di tennis sui campi dell&#8217;A.T. Poiano<\/strong>. Tale proibizione non solo esclude l&#8217;utilizzo del &#8220;cesto&#8221;, ma qualsiasi tipo d&#8217;insegnamento che prevede compenso, inoltre riguarda sia le ore fisse sia le ore a prenotazione settimanale<\/p>\n<p>6) I soci possessori di tessera FIT agonistica per altri circoli od associazioni, possono aderire a tutte le attivit\u00e0 sociali<\/p>\n<p>7) L&#8217;A.T.Poiano si riserva di effettuare quelle variazioni che si rendessero necessarie al presente regolamento<\/p>\n<p>8) I SOCI SONO TENUTI AD OSSERVARE SCRUPOLOSAMENTE I REGOLAMENTI E GLI AVVISI ESPOSTI IN BACHECA. L&#8217;A.T.POIANO SI RISERVA DI PRENDERE PROVVEDIMENTI CON GLI INADEMPIENTI E, NEI CASI PIU&#8217; GRAVI, IL RITIRO DELLA TESSERA<\/p>\n<p>APPENDICE: a seguito delle recenti novit\u00e0 normative in tema di certificazioni sanitarie per l&#8217;attivit\u00e0 sportiva e del conseguente aggiornamento delle Carte Federali della F.I.T. tutti coloro che, anche saltuariamente, intendano giocare a tennis presso un circolo affiliato F.I.T. devono consegnare all&#8217;affiliato un certificato medico che ne attesti l&#8217;idoneit\u00e0 alla pratica sportiva non agonistica. Pertanto, anche i Soci del nostro Circolo dovranno consegnare in segreteria il Certificato Medico. A coloro che non facessero pervenire il Certificato sar\u00e0 possibile rilasciare solo la Tessera Associativa che tuttativa, come anticipato, non consente la pratica sportiva presso il circolo affiliato F.I.T.<\/p>\n<p>&nbsp;<\/p>\n<p style=\"text-align: right;\"><b>ASSOCIAZIONE TENNIS POIANO<\/b><\/p>\n","protected":false},"excerpt":{"rendered":"<p>REGOLAMENTO PRENOTAZIONI E\u00a0 D&#8217;USO DEI CAMPI 1) Sui campi dell&#8217;Associazione Tennis Poiano possono giocare solo i Soci in regola con<\/p>\n<div class='heateorSssClear'><\/div><div style=\"float:right\" class='heateor_sss_sharing_container heateor_sss_horizontal_sharing' data-heateor-sss-href='https:\/\/www.atpoiano.it\/wordpress\/club\/regolamento\/'><div class='heateor_sss_sharing_title' style=\"font-weight:bold\" ><\/div><div class=\"heateor_sss_sharing_ul\"><a style=\"padding:7.35px 0 !important\" class=\"heateor_sss_facebook_share\"><span class=\"heateor_sss_square_count\">&nbsp;<\/span><div class=\"fb-share-button\" data-href=\"https:\/\/www.atpoiano.it\/wordpress\/club\/regolamento\/\" data-layout=\"button_count\"><\/div><\/a><a style=\"padding:7.35px 0 !important\" class=\"heateor_sss_facebook_like\"><span class=\"heateor_sss_square_count\">&nbsp;<\/span><div class=\"fb-like\" data-href=\"https:\/\/www.atpoiano.it\/wordpress\/club\/regolamento\/\" data-layout=\"button_count\" data-action=\"like\" data-show-faces=\"false\" data-share=\"false\"><\/div><\/a><a class=\"heateor_sss_more\" title=\"More\" rel=\"nofollow noopener\" style=\"font-size: 32px!important;border:0;box-shadow:none;display:inline-block!important;font-size:16px;padding:0 4px;vertical-align: middle;display:inline;\" href=\"https:\/\/www.atpoiano.it\/wordpress\/club\/regolamento\/\" onclick=\"event.preventDefault()\"><span class=\"heateor_sss_square_count\">&nbsp;<\/span><span class=\"heateor_sss_svg\" style=\"background-color:#ee8e2d;width:35px;height:35px;border-radius:999px;display:inline-block!important;opacity:1;float:left;font-size:32px!important;box-shadow:none;display:inline-block;font-size:16px;padding:0 4px;vertical-align:middle;display:inline;background-repeat:repeat;overflow:hidden;padding:0;cursor:pointer;box-sizing:content-box;\" onclick=\"heateorSssMoreSharingPopup(this, 'https:\/\/www.atpoiano.it\/wordpress\/club\/regolamento\/', 'Il%20Regolamento', '' )\"><svg xmlns=\"http:\/\/www.w3.org\/2000\/svg\" xmlns:xlink=\"http:\/\/www.w3.org\/1999\/xlink\" viewBox=\"-.3 0 32 32\" version=\"1.1\" width=\"100%\" height=\"100%\" style=\"display:block;border-radius:999px;\" xml:space=\"preserve\"><g><path fill=\"#fff\" d=\"M18 14V8h-4v6H8v4h6v6h4v-6h6v-4h-6z\" fill-rule=\"evenodd\"><\/path><\/g><\/svg><\/span><\/a><a style=\"font-size:32px!important;box-shadow: none;display: inline-block!important;font-size: 16px;padding: 0 4px;vertical-align: middle;display:inline;\" class=\"heateorSssSharingRound\"><span class=\"heateor_sss_square_count\">&nbsp;<\/span><div style=\"width:35px;height:35px;border-radius:999px;margin-left:9px !important;\" title=\"Total Shares\" class=\"heateorSssSharing heateorSssTCBackground\"><\/div><\/a><\/div><div class=\"heateorSssClear\"><\/div><\/div><div class='heateorSssClear'><\/div>","protected":false},"author":7,"featured_media":0,"parent":386,"menu_order":0,"comment_status":"closed","ping_status":"closed","template":"","meta":[],"yoast_head":"<!-- This site is optimized with the Yoast SEO plugin v18.4.1 - https:\/\/yoast.com\/wordpress\/plugins\/seo\/ -->\n<title>Il Regolamento - ASSOCIAZIONE TENNIS POIANO<\/title>\n<meta name=\"robots\" content=\"index, follow, max-snippet:-1, max-image-preview:large, max-video-preview:-1\" \/>\n<link rel=\"canonical\" href=\"https:\/\/www.atpoiano.it\/club\/regolamento\/\" \/>\n<meta property=\"og:locale\" content=\"it_IT\" \/>\n<meta property=\"og:type\" content=\"article\" \/>\n<meta property=\"og:title\" content=\"Il Regolamento - ASSOCIAZIONE TENNIS POIANO\" \/>\n<meta property=\"og:description\" content=\"REGOLAMENTO PRENOTAZIONI E\u00a0 D&#8217;USO DEI CAMPI 1) Sui campi dell&#8217;Associazione Tennis Poiano possono giocare solo i Soci in regola con\" \/>\n<meta property=\"og:url\" content=\"https:\/\/www.atpoiano.it\/club\/regolamento\/\" \/>\n<meta property=\"og:site_name\" content=\"ASSOCIAZIONE TENNIS POIANO\" \/>\n<meta property=\"article:modified_time\" content=\"2019-11-03T18:23:04+00:00\" \/>\n<meta name=\"twitter:card\" content=\"summary_large_image\" \/>\n<meta name=\"twitter:label1\" content=\"Tempo di lettura stimato\" \/>\n\t<meta name=\"twitter:data1\" content=\"2 minuti\" \/>\n<script type=\"application\/ld+json\" class=\"yoast-schema-graph\">{\"@context\":\"https:\/\/schema.org\",\"@graph\":[{\"@type\":\"WebSite\",\"@id\":\"https:\/\/www.atpoiano.it\/#website\",\"url\":\"https:\/\/www.atpoiano.it\/\",\"name\":\"ASSOCIAZIONE TENNIS POIANO\",\"description\":\"dal 1983 a Verona\",\"potentialAction\":[{\"@type\":\"SearchAction\",\"target\":{\"@type\":\"EntryPoint\",\"urlTemplate\":\"https:\/\/www.atpoiano.it\/?s={search_term_string}\"},\"query-input\":\"required name=search_term_string\"}],\"inLanguage\":\"it-IT\"},{\"@type\":\"WebPage\",\"@id\":\"https:\/\/www.atpoiano.it\/club\/regolamento\/#webpage\",\"url\":\"https:\/\/www.atpoiano.it\/club\/regolamento\/\",\"name\":\"Il Regolamento - ASSOCIAZIONE TENNIS POIANO\",\"isPartOf\":{\"@id\":\"https:\/\/www.atpoiano.it\/#website\"},\"datePublished\":\"2018-11-27T22:48:15+00:00\",\"dateModified\":\"2019-11-03T18:23:04+00:00\",\"breadcrumb\":{\"@id\":\"https:\/\/www.atpoiano.it\/club\/regolamento\/#breadcrumb\"},\"inLanguage\":\"it-IT\",\"potentialAction\":[{\"@type\":\"ReadAction\",\"target\":[\"https:\/\/www.atpoiano.it\/club\/regolamento\/\"]}]},{\"@type\":\"BreadcrumbList\",\"@id\":\"https:\/\/www.atpoiano.it\/club\/regolamento\/#breadcrumb\",\"itemListElement\":[{\"@type\":\"ListItem\",\"position\":1,\"name\":\"Home\",\"item\":\"https:\/\/www.atpoiano.it\/wordpress\/\"},{\"@type\":\"ListItem\",\"position\":2,\"name\":\"CLUB\",\"item\":\"https:\/\/www.atpoiano.it\/club\/\"},{\"@type\":\"ListItem\",\"position\":3,\"name\":\"Il Regolamento\"}]}]}<\/script>\n<!-- \/ Yoast SEO plugin. -->","yoast_head_json":{"title":"Il Regolamento - ASSOCIAZIONE TENNIS POIANO","robots":{"index":"index","follow":"follow","max-snippet":"max-snippet:-1","max-image-preview":"max-image-preview:large","max-video-preview":"max-video-preview:-1"},"canonical":"https:\/\/www.atpoiano.it\/club\/regolamento\/","og_locale":"it_IT","og_type":"article","og_title":"Il Regolamento - ASSOCIAZIONE TENNIS POIANO","og_description":"REGOLAMENTO PRENOTAZIONI E\u00a0 D&#8217;USO DEI CAMPI 1) Sui campi dell&#8217;Associazione Tennis Poiano possono giocare solo i Soci in regola con","og_url":"https:\/\/www.atpoiano.it\/club\/regolamento\/","og_site_name":"ASSOCIAZIONE TENNIS POIANO","article_modified_time":"2019-11-03T18:23:04+00:00","twitter_card":"summary_large_image","twitter_misc":{"Tempo di lettura stimato":"2 minuti"},"schema":{"@context":"https:\/\/schema.org","@graph":[{"@type":"WebSite","@id":"https:\/\/www.atpoiano.it\/#website","url":"https:\/\/www.atpoiano.it\/","name":"ASSOCIAZIONE TENNIS POIANO","description":"dal 1983 a Verona","potentialAction":[{"@type":"SearchAction","target":{"@type":"EntryPoint","urlTemplate":"https:\/\/www.atpoiano.it\/?s={search_term_string}"},"query-input":"required name=search_term_string"}],"inLanguage":"it-IT"},{"@type":"WebPage","@id":"https:\/\/www.atpoiano.it\/club\/regolamento\/#webpage","url":"https:\/\/www.atpoiano.it\/club\/regolamento\/","name":"Il Regolamento - ASSOCIAZIONE TENNIS POIANO","isPartOf":{"@id":"https:\/\/www.atpoiano.it\/#website"},"datePublished":"2018-11-27T22:48:15+00:00","dateModified":"2019-11-03T18:23:04+00:00","breadcrumb":{"@id":"https:\/\/www.atpoiano.it\/club\/regolamento\/#breadcrumb"},"inLanguage":"it-IT","potentialAction":[{"@type":"ReadAction","target":["https:\/\/www.atpoiano.it\/club\/regolamento\/"]}]},{"@type":"BreadcrumbList","@id":"https:\/\/www.atpoiano.it\/club\/regolamento\/#breadcrumb","itemListElement":[{"@type":"ListItem","position":1,"name":"Home","item":"https:\/\/www.atpoiano.it\/wordpress\/"},{"@type":"ListItem","position":2,"name":"CLUB","item":"https:\/\/www.atpoiano.it\/club\/"},{"@type":"ListItem","position":3,"name":"Il Regolamento"}]}]}},"_links":{"self":[{"href":"https:\/\/www.atpoiano.it\/wordpress\/wp-json\/wp\/v2\/pages\/423"}],"collection":[{"href":"https:\/\/www.atpoiano.it\/wordpress\/wp-json\/wp\/v2\/pages"}],"about":[{"href":"https:\/\/www.atpoiano.it\/wordpress\/wp-json\/wp\/v2\/types\/page"}],"author":[{"embeddable":true,"href":"https:\/\/www.atpoiano.it\/wordpress\/wp-json\/wp\/v2\/users\/7"}],"replies":[{"embeddable":true,"href":"https:\/\/www.atpoiano.it\/wordpress\/wp-json\/wp\/v2\/comments?post=423"}],"version-history":[{"count":5,"href":"https:\/\/www.atpoiano.it\/wordpress\/wp-json\/wp\/v2\/pages\/423\/revisions"}],"predecessor-version":[{"id":4049,"href":"https:\/\/www.atpoiano.it\/wordpress\/wp-json\/wp\/v2\/pages\/423\/revisions\/4049"}],"up":[{"embeddable":true,"href":"https:\/\/www.atpoiano.it\/wordpress\/wp-json\/wp\/v2\/pages\/386"}],"wp:attachment":[{"href":"https:\/\/www.atpoiano.it\/wordpress\/wp-json\/wp\/v2\/media?parent=423"}],"curies":[{"name":"wp","href":"https:\/\/api.w.org\/{rel}","templated":true}]}}