{"id":3878,"date":"2019-10-24T17:44:49","date_gmt":"2019-10-24T15:44:49","guid":{"rendered":"https:\/\/www.atpoiano.it\/?page_id=3878"},"modified":"2023-10-13T07:43:14","modified_gmt":"2023-10-13T05:43:14","slug":"tesseramento-f-i-t","status":"publish","type":"page","link":"https:\/\/www.atpoiano.it\/wordpress\/club\/tesseramento-f-i-t\/","title":{"rendered":"Il tesseramento FITP"},"content":{"rendered":"<p>.<\/p>\n<p>IL TESSERAMENTO alla FITP E&#8217; OBBLIGATORIO<\/p>\n<p>.<\/p>\n<p>E&#8217; possibile fare una nuova richiesta o il rinnovo della propria tessera FITP (Federazione Italiana Tennis e Padel) solo attraverso WEB, seguendo una semplice procedura di immissione di dati e la conferma degli stessi.<\/p>\n<p>Il Link da utilizzare \u00e8 il seguente: <a href=\"https:\/\/tesseramento.federtennis.it\/home.asp\">https:\/\/tesseramento.federtennis.it\/home.asp<\/a><\/p>\n<p>&nbsp;<\/p>\n<p><img loading=\"lazy\" class=\"alignnone wp-image-3879\" src=\"https:\/\/www.atpoiano.it\/wordpress\/wp-content\/uploads\/2019\/10\/Schermata-2019-10-24-alle-17.42.50-320x201.png\" alt=\"\" width=\"370\" height=\"232\" srcset=\"https:\/\/www.atpoiano.it\/wordpress\/wp-content\/uploads\/2019\/10\/Schermata-2019-10-24-alle-17.42.50-320x201.png 320w, https:\/\/www.atpoiano.it\/wordpress\/wp-content\/uploads\/2019\/10\/Schermata-2019-10-24-alle-17.42.50-768x483.png 768w, https:\/\/www.atpoiano.it\/wordpress\/wp-content\/uploads\/2019\/10\/Schermata-2019-10-24-alle-17.42.50.png 956w\" sizes=\"(max-width: 370px) 100vw, 370px\" \/><\/p>\n<p>Quando entrati (vedi immagine sopra), clikkare sull&#8217; icona TESSERATI.<\/p>\n<p>&nbsp;<\/p>\n<p><img loading=\"lazy\" class=\"alignnone wp-image-3884\" src=\"https:\/\/www.atpoiano.it\/wordpress\/wp-content\/uploads\/2019\/10\/Schermata-2019-10-24-alle-17.53.25-320x275.png\" alt=\"\" width=\"372\" height=\"320\" srcset=\"https:\/\/www.atpoiano.it\/wordpress\/wp-content\/uploads\/2019\/10\/Schermata-2019-10-24-alle-17.53.25-320x275.png 320w, https:\/\/www.atpoiano.it\/wordpress\/wp-content\/uploads\/2019\/10\/Schermata-2019-10-24-alle-17.53.25-768x660.png 768w, https:\/\/www.atpoiano.it\/wordpress\/wp-content\/uploads\/2019\/10\/Schermata-2019-10-24-alle-17.53.25-960x825.png 960w, https:\/\/www.atpoiano.it\/wordpress\/wp-content\/uploads\/2019\/10\/Schermata-2019-10-24-alle-17.53.25.png 1158w\" sizes=\"(max-width: 372px) 100vw, 372px\" \/><\/p>\n<p>Vi si presenter\u00e0 una pagina con campi dati da riempire. Una volta completato il formulario, vi verr\u00e0 confermata l&#8217;iscrizione alla FITP e verr\u00e0 inviata alla segreteria di A.T.Poiano copia della conferma.<\/p>\n<p>Per comprendere le modalit\u00e0 di compliazione, Vi preghiamo di consultare la GUIDA in PDF qu\u00ec allegata: <a href=\"https:\/\/www.atpoiano.it\/club\/tesseramento-f-i-t\/181120_fit_tessaramento-2019_tutorial_utenti-v2-0\/\">https:\/\/www.atpoiano.it\/club\/tesseramento-f-i-t\/181120_fit_tessaramento-2019_tutorial_utenti-v2-0\/<\/a><\/p>\n<p>&nbsp;<\/p>\n<p><strong>INFORMAZIONI PRINCIPALI <\/strong><\/p>\n<p>3 consensi:<\/p>\n<ol>\n<li>Il primo \u00e8 obbligatorio e di conseguenza vincolante per l&#8217;emissione della tessera FITP. Senza esprimerlo, \u00e8 impossibile svolgere attivit\u00e0 sportiva.<\/li>\n<li>Il secondo consenso, invece, d\u00e0 all&#8217;utente la possibilit\u00e0 di essere informato in tempo reale sulle iniziative promosse dalla FITP.<\/li>\n<li>L&#8217;ultimo, infine, dar\u00e0 modo al Tesserato di poter beneficiare dei servizi offerti dalla <a href=\"https:\/\/portal.login.federtennis.it\/te\/FanFedertennis.onmicrosoft.com\/oauth2\/v2.0\/authorize?client_id=422fdfaf-0ddd-46e4-9131-7081eab2933e&amp;scope=openid%20profile%20offline_access%20https:\/\/FanFedertennis.onmicrosoft.com\/mdp-prod-api\/read%20https:\/\/FanFedertennis.onmicrosoft.com\/mdp-prod-api\/write&amp;response_type=code+id_token&amp;response_mode=form_post&amp;redirect_uri=https:\/\/myfit.federtennis.it&amp;state=e8868391ec094cda90a25e39e164bd3e&amp;nonce=8716fcb7ab95432d9d83a6983b5dd43b&amp;p=B2C_1A_SignUp_SignIn_prod\">piattaforma MyFIT <\/a>che ha pi\u00f9 informazioni, pi\u00f9 servizi e che facilita la gestione della propria attivit\u00e0 sportiva.<\/li>\n<\/ol>\n<p>Una volta espressi online i propri consensi all&#8217;utilizzo dei dati nel rispetto delle normative GDPR, verr\u00e0 inviata una E-mail con un codice di verifica per completare il processo. Tale processo \u00e8 generato per tutelare ulteriormente l&#8217;identit\u00e0 del Tesserato.<strong> A ogni indirizzo E-mail potr\u00e0 essere associato un solo utente. In caso di atleta minorenne, il flusso di informazioni \u00e8 gestito da chi ha la responsabilit\u00e0 tutoriale del minore.<\/strong><\/p>\n<p>&nbsp;<\/p>\n<p>&nbsp;<\/p>\n<p>Grazie della collaborazione<\/p>\n<p>La Direzione<\/p>\n<p>&nbsp;<\/p>\n<p>&nbsp;<\/p>\n<p>&nbsp;<\/p>\n<p>&nbsp;<\/p>\n<p>&nbsp;<\/p>\n<p>&nbsp;<\/p>\n<p>&nbsp;<\/p>\n<p>&nbsp;<\/p>\n<p>&nbsp;<\/p>\n","protected":false},"excerpt":{"rendered":"<p>. IL TESSERAMENTO alla FITP E&#8217; OBBLIGATORIO . E&#8217; possibile fare una nuova richiesta o il rinnovo della propria tessera<\/p>\n<div class='heateorSssClear'><\/div><div style=\"float:right\" class='heateor_sss_sharing_container heateor_sss_horizontal_sharing' data-heateor-sss-href='https:\/\/www.atpoiano.it\/wordpress\/club\/tesseramento-f-i-t\/'><div class='heateor_sss_sharing_title' style=\"font-weight:bold\" ><\/div><div class=\"heateor_sss_sharing_ul\"><a style=\"padding:7.35px 0 !important\" class=\"heateor_sss_facebook_share\"><span class=\"heateor_sss_square_count\">&nbsp;<\/span><div class=\"fb-share-button\" data-href=\"https:\/\/www.atpoiano.it\/wordpress\/club\/tesseramento-f-i-t\/\" data-layout=\"button_count\"><\/div><\/a><a style=\"padding:7.35px 0 !important\" class=\"heateor_sss_facebook_like\"><span class=\"heateor_sss_square_count\">&nbsp;<\/span><div class=\"fb-like\" data-href=\"https:\/\/www.atpoiano.it\/wordpress\/club\/tesseramento-f-i-t\/\" data-layout=\"button_count\" data-action=\"like\" data-show-faces=\"false\" data-share=\"false\"><\/div><\/a><a class=\"heateor_sss_more\" title=\"More\" rel=\"nofollow noopener\" style=\"font-size: 32px!important;border:0;box-shadow:none;display:inline-block!important;font-size:16px;padding:0 4px;vertical-align: middle;display:inline;\" href=\"https:\/\/www.atpoiano.it\/wordpress\/club\/tesseramento-f-i-t\/\" onclick=\"event.preventDefault()\"><span class=\"heateor_sss_square_count\">&nbsp;<\/span><span class=\"heateor_sss_svg\" style=\"background-color:#ee8e2d;width:35px;height:35px;border-radius:999px;display:inline-block!important;opacity:1;float:left;font-size:32px!important;box-shadow:none;display:inline-block;font-size:16px;padding:0 4px;vertical-align:middle;display:inline;background-repeat:repeat;overflow:hidden;padding:0;cursor:pointer;box-sizing:content-box;\" onclick=\"heateorSssMoreSharingPopup(this, 'https:\/\/www.atpoiano.it\/wordpress\/club\/tesseramento-f-i-t\/', 'Il%20tesseramento%20FITP', '' )\"><svg xmlns=\"http:\/\/www.w3.org\/2000\/svg\" xmlns:xlink=\"http:\/\/www.w3.org\/1999\/xlink\" viewBox=\"-.3 0 32 32\" version=\"1.1\" width=\"100%\" height=\"100%\" style=\"display:block;border-radius:999px;\" xml:space=\"preserve\"><g><path fill=\"#fff\" d=\"M18 14V8h-4v6H8v4h6v6h4v-6h6v-4h-6z\" fill-rule=\"evenodd\"><\/path><\/g><\/svg><\/span><\/a><a style=\"font-size:32px!important;box-shadow: none;display: inline-block!important;font-size: 16px;padding: 0 4px;vertical-align: middle;display:inline;\" class=\"heateorSssSharingRound\"><span class=\"heateor_sss_square_count\">&nbsp;<\/span><div style=\"width:35px;height:35px;border-radius:999px;margin-left:9px !important;\" title=\"Total Shares\" class=\"heateorSssSharing heateorSssTCBackground\"><\/div><\/a><\/div><div class=\"heateorSssClear\"><\/div><\/div><div class='heateorSssClear'><\/div>","protected":false},"author":7,"featured_media":0,"parent":386,"menu_order":4,"comment_status":"closed","ping_status":"closed","template":"","meta":[],"yoast_head":"<!-- This site is optimized with the Yoast SEO plugin v18.4.1 - https:\/\/yoast.com\/wordpress\/plugins\/seo\/ -->\n<title>Il tesseramento FITP - ASSOCIAZIONE TENNIS POIANO<\/title>\n<meta name=\"robots\" content=\"index, follow, max-snippet:-1, max-image-preview:large, max-video-preview:-1\" \/>\n<link rel=\"canonical\" href=\"https:\/\/www.atpoiano.it\/club\/tesseramento-f-i-t\/\" \/>\n<meta property=\"og:locale\" content=\"it_IT\" \/>\n<meta property=\"og:type\" content=\"article\" \/>\n<meta property=\"og:title\" content=\"Il tesseramento FITP - ASSOCIAZIONE TENNIS POIANO\" \/>\n<meta property=\"og:description\" content=\". IL TESSERAMENTO alla FITP E&#8217; OBBLIGATORIO . E&#8217; possibile fare una nuova richiesta o il rinnovo della propria tessera\" \/>\n<meta property=\"og:url\" content=\"https:\/\/www.atpoiano.it\/club\/tesseramento-f-i-t\/\" \/>\n<meta property=\"og:site_name\" content=\"ASSOCIAZIONE TENNIS POIANO\" \/>\n<meta property=\"article:modified_time\" content=\"2023-10-13T05:43:14+00:00\" \/>\n<meta property=\"og:image\" content=\"https:\/\/www.atpoiano.it\/wordpress\/wp-content\/uploads\/2019\/10\/Schermata-2019-10-24-alle-17.42.50-320x201.png\" \/>\n<meta name=\"twitter:card\" content=\"summary_large_image\" \/>\n<meta name=\"twitter:label1\" content=\"Tempo di lettura stimato\" \/>\n\t<meta name=\"twitter:data1\" content=\"2 minuti\" \/>\n<script type=\"application\/ld+json\" class=\"yoast-schema-graph\">{\"@context\":\"https:\/\/schema.org\",\"@graph\":[{\"@type\":\"WebSite\",\"@id\":\"https:\/\/www.atpoiano.it\/#website\",\"url\":\"https:\/\/www.atpoiano.it\/\",\"name\":\"ASSOCIAZIONE TENNIS POIANO\",\"description\":\"dal 1983 a Verona\",\"potentialAction\":[{\"@type\":\"SearchAction\",\"target\":{\"@type\":\"EntryPoint\",\"urlTemplate\":\"https:\/\/www.atpoiano.it\/?s={search_term_string}\"},\"query-input\":\"required name=search_term_string\"}],\"inLanguage\":\"it-IT\"},{\"@type\":\"ImageObject\",\"@id\":\"https:\/\/www.atpoiano.it\/club\/tesseramento-f-i-t\/#primaryimage\",\"inLanguage\":\"it-IT\",\"url\":\"https:\/\/www.atpoiano.it\/wordpress\/wp-content\/uploads\/2019\/10\/Schermata-2019-10-24-alle-17.42.50.png\",\"contentUrl\":\"https:\/\/www.atpoiano.it\/wordpress\/wp-content\/uploads\/2019\/10\/Schermata-2019-10-24-alle-17.42.50.png\",\"width\":956,\"height\":601},{\"@type\":\"WebPage\",\"@id\":\"https:\/\/www.atpoiano.it\/club\/tesseramento-f-i-t\/#webpage\",\"url\":\"https:\/\/www.atpoiano.it\/club\/tesseramento-f-i-t\/\",\"name\":\"Il tesseramento FITP - ASSOCIAZIONE TENNIS POIANO\",\"isPartOf\":{\"@id\":\"https:\/\/www.atpoiano.it\/#website\"},\"primaryImageOfPage\":{\"@id\":\"https:\/\/www.atpoiano.it\/club\/tesseramento-f-i-t\/#primaryimage\"},\"datePublished\":\"2019-10-24T15:44:49+00:00\",\"dateModified\":\"2023-10-13T05:43:14+00:00\",\"breadcrumb\":{\"@id\":\"https:\/\/www.atpoiano.it\/club\/tesseramento-f-i-t\/#breadcrumb\"},\"inLanguage\":\"it-IT\",\"potentialAction\":[{\"@type\":\"ReadAction\",\"target\":[\"https:\/\/www.atpoiano.it\/club\/tesseramento-f-i-t\/\"]}]},{\"@type\":\"BreadcrumbList\",\"@id\":\"https:\/\/www.atpoiano.it\/club\/tesseramento-f-i-t\/#breadcrumb\",\"itemListElement\":[{\"@type\":\"ListItem\",\"position\":1,\"name\":\"Home\",\"item\":\"https:\/\/www.atpoiano.it\/wordpress\/\"},{\"@type\":\"ListItem\",\"position\":2,\"name\":\"CLUB\",\"item\":\"https:\/\/www.atpoiano.it\/club\/\"},{\"@type\":\"ListItem\",\"position\":3,\"name\":\"Il tesseramento FITP\"}]}]}<\/script>\n<!-- \/ Yoast SEO plugin. -->","yoast_head_json":{"title":"Il tesseramento FITP - ASSOCIAZIONE TENNIS POIANO","robots":{"index":"index","follow":"follow","max-snippet":"max-snippet:-1","max-image-preview":"max-image-preview:large","max-video-preview":"max-video-preview:-1"},"canonical":"https:\/\/www.atpoiano.it\/club\/tesseramento-f-i-t\/","og_locale":"it_IT","og_type":"article","og_title":"Il tesseramento FITP - ASSOCIAZIONE TENNIS POIANO","og_description":". IL TESSERAMENTO alla FITP E&#8217; OBBLIGATORIO . E&#8217; possibile fare una nuova richiesta o il rinnovo della propria tessera","og_url":"https:\/\/www.atpoiano.it\/club\/tesseramento-f-i-t\/","og_site_name":"ASSOCIAZIONE TENNIS POIANO","article_modified_time":"2023-10-13T05:43:14+00:00","og_image":[{"url":"https:\/\/www.atpoiano.it\/wordpress\/wp-content\/uploads\/2019\/10\/Schermata-2019-10-24-alle-17.42.50-320x201.png"}],"twitter_card":"summary_large_image","twitter_misc":{"Tempo di lettura stimato":"2 minuti"},"schema":{"@context":"https:\/\/schema.org","@graph":[{"@type":"WebSite","@id":"https:\/\/www.atpoiano.it\/#website","url":"https:\/\/www.atpoiano.it\/","name":"ASSOCIAZIONE TENNIS POIANO","description":"dal 1983 a Verona","potentialAction":[{"@type":"SearchAction","target":{"@type":"EntryPoint","urlTemplate":"https:\/\/www.atpoiano.it\/?s={search_term_string}"},"query-input":"required name=search_term_string"}],"inLanguage":"it-IT"},{"@type":"ImageObject","@id":"https:\/\/www.atpoiano.it\/club\/tesseramento-f-i-t\/#primaryimage","inLanguage":"it-IT","url":"https:\/\/www.atpoiano.it\/wordpress\/wp-content\/uploads\/2019\/10\/Schermata-2019-10-24-alle-17.42.50.png","contentUrl":"https:\/\/www.atpoiano.it\/wordpress\/wp-content\/uploads\/2019\/10\/Schermata-2019-10-24-alle-17.42.50.png","width":956,"height":601},{"@type":"WebPage","@id":"https:\/\/www.atpoiano.it\/club\/tesseramento-f-i-t\/#webpage","url":"https:\/\/www.atpoiano.it\/club\/tesseramento-f-i-t\/","name":"Il tesseramento FITP - ASSOCIAZIONE TENNIS POIANO","isPartOf":{"@id":"https:\/\/www.atpoiano.it\/#website"},"primaryImageOfPage":{"@id":"https:\/\/www.atpoiano.it\/club\/tesseramento-f-i-t\/#primaryimage"},"datePublished":"2019-10-24T15:44:49+00:00","dateModified":"2023-10-13T05:43:14+00:00","breadcrumb":{"@id":"https:\/\/www.atpoiano.it\/club\/tesseramento-f-i-t\/#breadcrumb"},"inLanguage":"it-IT","potentialAction":[{"@type":"ReadAction","target":["https:\/\/www.atpoiano.it\/club\/tesseramento-f-i-t\/"]}]},{"@type":"BreadcrumbList","@id":"https:\/\/www.atpoiano.it\/club\/tesseramento-f-i-t\/#breadcrumb","itemListElement":[{"@type":"ListItem","position":1,"name":"Home","item":"https:\/\/www.atpoiano.it\/wordpress\/"},{"@type":"ListItem","position":2,"name":"CLUB","item":"https:\/\/www.atpoiano.it\/club\/"},{"@type":"ListItem","position":3,"name":"Il tesseramento FITP"}]}]}},"_links":{"self":[{"href":"https:\/\/www.atpoiano.it\/wordpress\/wp-json\/wp\/v2\/pages\/3878"}],"collection":[{"href":"https:\/\/www.atpoiano.it\/wordpress\/wp-json\/wp\/v2\/pages"}],"about":[{"href":"https:\/\/www.atpoiano.it\/wordpress\/wp-json\/wp\/v2\/types\/page"}],"author":[{"embeddable":true,"href":"https:\/\/www.atpoiano.it\/wordpress\/wp-json\/wp\/v2\/users\/7"}],"replies":[{"embeddable":true,"href":"https:\/\/www.atpoiano.it\/wordpress\/wp-json\/wp\/v2\/comments?post=3878"}],"version-history":[{"count":13,"href":"https:\/\/www.atpoiano.it\/wordpress\/wp-json\/wp\/v2\/pages\/3878\/revisions"}],"predecessor-version":[{"id":7906,"href":"https:\/\/www.atpoiano.it\/wordpress\/wp-json\/wp\/v2\/pages\/3878\/revisions\/7906"}],"up":[{"embeddable":true,"href":"https:\/\/www.atpoiano.it\/wordpress\/wp-json\/wp\/v2\/pages\/386"}],"wp:attachment":[{"href":"https:\/\/www.atpoiano.it\/wordpress\/wp-json\/wp\/v2\/media?parent=3878"}],"curies":[{"name":"wp","href":"https:\/\/api.w.org\/{rel}","templated":true}]}}